{"id":2892,"date":"2024-06-24T13:11:17","date_gmt":"2024-06-24T13:11:17","guid":{"rendered":"https:\/\/cyber-erasmusproject.eu\/?page_id=2892"},"modified":"2025-02-12T13:43:07","modified_gmt":"2025-02-12T13:43:07","slug":"policy-recommendation-paper","status":"publish","type":"page","link":"https:\/\/cyber-erasmusproject.eu\/sk\/resources\/policy-recommendation-paper\/","title":{"rendered":"Dokument s politick\u00fdmi odpor\u00fa\u010daniami"},"content":{"rendered":"\t\t<div data-elementor-type=\"wp-page\" data-elementor-id=\"2892\" class=\"elementor elementor-2892 elementor-906\" data-elementor-post-type=\"page\">\n\t\t\t\t<div class=\"elementor-element elementor-element-e4d841f e-flex e-con-boxed e-con e-parent\" data-id=\"e4d841f\" data-element_type=\"container\" data-e-type=\"container\" data-settings=\"{&quot;background_background&quot;:&quot;classic&quot;}\">\n\t\t\t\t\t<div class=\"e-con-inner\">\n\t\t<div class=\"elementor-element elementor-element-c0ced8f e-flex e-con-boxed e-con e-child\" data-id=\"c0ced8f\" data-element_type=\"container\" data-e-type=\"container\">\n\t\t\t\t\t<div class=\"e-con-inner\">\n\t\t\t\t<div class=\"elementor-element elementor-element-c8375dd elementor-widget elementor-widget-heading\" data-id=\"c8375dd\" data-element_type=\"widget\" data-e-type=\"widget\" data-widget_type=\"heading.default\">\n\t\t\t\t<div class=\"elementor-widget-container\">\n\t\t\t\t\t<h2 class=\"elementor-heading-title elementor-size-default\">Dokument s politick\u00fdmi odpor\u00fa\u010daniami<\/h2>\t\t\t\t<\/div>\n\t\t\t\t<\/div>\n\t\t\t\t<div class=\"elementor-element elementor-element-5078acb elementor-widget elementor-widget-text-editor\" data-id=\"5078acb\" data-element_type=\"widget\" data-e-type=\"widget\" data-widget_type=\"text-editor.default\">\n\t\t\t\t<div class=\"elementor-widget-container\">\n\t\t\t\t\t\t\t\t\tPolitick\u00fd odpor\u00fa\u010dac\u00ed dokument je \u0161peci\u00e1lne prisp\u00f4soben\u00fd vzdel\u00e1vac\u00edm in\u0161tit\u00faci\u00e1m a pon\u00faka usmernenia t\u00fdkaj\u00face sa bezpe\u010dnosti \u00fadajov a kybernetickej bezpe\u010dnosti. Je v s\u00falade s najkvalitnej\u0161\u00edmi postupmi a normami vr\u00e1tane ISO 27001, 27002, 27701, 22301 a 31000, aby sa zabezpe\u010dilo, \u017ee \u0161koly m\u00f4\u017eu \u00fa\u010dinne chr\u00e1ni\u0165 svojich \u0161tudentov a ich \u00fadaje. Tento dokument poskytuje pou\u017eite\u013en\u00e9 odpor\u00fa\u010dania, ktor\u00e9 pom\u00e1haj\u00fa \u0161kol\u00e1m nielen dodr\u017eiava\u0165, ale aj prekra\u010dova\u0165 s\u00fa\u010dasn\u00e9 normy kybernetickej bezpe\u010dnosti, \u010d\u00edm podporuj\u00fa bezpe\u010dn\u00e9 a odoln\u00e9 vzdel\u00e1vacie prostredie.\t\t\t\t\t\t\t\t<\/div>\n\t\t\t\t<\/div>\n\t\t\t\t<div class=\"elementor-element elementor-element-3779c55 elementor-widget elementor-widget-button\" data-id=\"3779c55\" data-element_type=\"widget\" data-e-type=\"widget\" data-widget_type=\"button.default\">\n\t\t\t\t<div class=\"elementor-widget-container\">\n\t\t\t\t\t\t\t\t\t<div class=\"elementor-button-wrapper\">\n\t\t\t\t\t<a class=\"elementor-button elementor-button-link elementor-size-sm\" href=\"https:\/\/cyber-erasmusproject.eu\/sk\/coming-soon\">\n\t\t\t\t\t\t<span class=\"elementor-button-content-wrapper\">\n\t\t\t\t\t\t<span class=\"elementor-button-icon\">\n\t\t\t\t<svg aria-hidden=\"true\" class=\"e-font-icon-svg e-fas-arrow-right\" viewBox=\"0 0 448 512\" xmlns=\"http:\/\/www.w3.org\/2000\/svg\"><path d=\"M190.5 66.9l22.2-22.2c9.4-9.4 24.6-9.4 33.9 0L441 239c9.4 9.4 9.4 24.6 0 33.9L246.6 467.3c-9.4 9.4-24.6 9.4-33.9 0l-22.2-22.2c-9.5-9.5-9.3-25 .4-34.3L311.4 296H24c-13.3 0-24-10.7-24-24v-32c0-13.3 10.7-24 24-24h287.4L190.9 101.2c-9.8-9.3-10-24.8-.4-34.3z\"><\/path><\/svg>\t\t\t<\/span>\n\t\t\t\t\t\t\t\t\t<span class=\"elementor-button-text\">PRE\u010c\u00cdTAJTE SI TO HNE\u010e<\/span>\n\t\t\t\t\t<\/span>\n\t\t\t\t\t<\/a>\n\t\t\t\t<\/div>\n\t\t\t\t\t\t\t\t<\/div>\n\t\t\t\t<\/div>\n\t\t\t\t\t<\/div>\n\t\t\t\t<\/div>\n\t\t<div class=\"elementor-element elementor-element-a975ef9 e-flex e-con-boxed e-con e-child\" data-id=\"a975ef9\" data-element_type=\"container\" data-e-type=\"container\" data-settings=\"{&quot;background_background&quot;:&quot;classic&quot;}\">\n\t\t\t\t\t<div class=\"e-con-inner\">\n\t\t\t\t<div class=\"elementor-element elementor-element-b0f9ae5 elementor-widget elementor-widget-image\" data-id=\"b0f9ae5\" data-element_type=\"widget\" data-e-type=\"widget\" data-widget_type=\"image.default\">\n\t\t\t\t<div class=\"elementor-widget-container\">\n\t\t\t\t\t\t\t\t\t\t\t\t\t\t\t<img fetchpriority=\"high\" decoding=\"async\" width=\"534\" height=\"413\" src=\"https:\/\/cyber-erasmusproject.eu\/wp-content\/uploads\/2024\/06\/img4.png\" class=\"attachment-large size-large wp-image-920\" alt=\"\" srcset=\"https:\/\/cyber-erasmusproject.eu\/wp-content\/uploads\/2024\/06\/img4.png 534w, https:\/\/cyber-erasmusproject.eu\/wp-content\/uploads\/2024\/06\/img4-300x232.png 300w\" sizes=\"(max-width: 534px) 100vw, 534px\" \/>\t\t\t\t\t\t\t\t\t\t\t\t\t\t\t<\/div>\n\t\t\t\t<\/div>\n\t\t\t\t\t<\/div>\n\t\t\t\t<\/div>\n\t\t\t\t\t<\/div>\n\t\t\t\t<\/div>\n\t\t\t\t<\/div>\n\t\t","protected":false},"excerpt":{"rendered":"<p>Dokument s politick\u00fdmi odpor\u00fa\u010daniami Politick\u00fd odpor\u00fa\u010dac\u00ed dokument je \u0161peci\u00e1lne prisp\u00f4soben\u00fd vzdel\u00e1vac\u00edm in\u0161tit\u00faci\u00e1m a pon\u00faka usmernenia t\u00fdkaj\u00face sa bezpe\u010dnosti \u00fadajov a kybernetickej bezpe\u010dnosti. Je v s\u00falade s najkvalitnej\u0161\u00edmi postupmi a normami vr\u00e1tane ISO 27001, 27002, 27701, 22301 a 31000, aby sa zabezpe\u010dilo, \u017ee \u0161koly m\u00f4\u017eu \u00fa\u010dinne chr\u00e1ni\u0165 svojich \u0161tudentov a ich \u00fadaje. Tento dokument poskytuje pou\u017eite\u013en\u00e9 [&hellip;]<\/p>\n","protected":false},"author":4,"featured_media":0,"parent":2880,"menu_order":0,"comment_status":"closed","ping_status":"closed","template":"","meta":{"tpgb_global_settings":"","_monsterinsights_skip_tracking":false,"_monsterinsights_sitenote_active":false,"_monsterinsights_sitenote_note":"","_monsterinsights_sitenote_category":0,"footnotes":""},"class_list":["post-2892","page","type-page","status-publish","hentry"],"tpgb_featured_images":null,"tpgb_post_meta_info":{"get_date":"24. j\u00fana 2024","get_modified_date":"12. febru\u00e1ra 2025","author_name":"CYBER Project Team","author_url":"https:\/\/cyber-erasmusproject.eu\/sk\/author\/cyber-project-team\/","author_email":"et@jogroup.eu","author_website":"","author_description":"","author_facebook":"","author_twitter":"","author_instagram":"","author_role":["editor"],"author_firstname":"","author_lastname":"","user_login":"Cyber Project Team","author_avatar":"<img alt='' src='https:\/\/secure.gravatar.com\/avatar\/66a5a34de29b8736ac4b48edaab8bbe2948fe02ab101b68f41de1263e2188186?s=200&#038;d=mm&#038;r=g' srcset='https:\/\/secure.gravatar.com\/avatar\/66a5a34de29b8736ac4b48edaab8bbe2948fe02ab101b68f41de1263e2188186?s=400&#038;d=mm&#038;r=g 2x' class='avatar avatar-200 photo' height='200' width='200' decoding='async'\/>","author_avatar_url":"https:\/\/secure.gravatar.com\/avatar\/66a5a34de29b8736ac4b48edaab8bbe2948fe02ab101b68f41de1263e2188186?s=96&d=mm&r=g","comment_count":0,"post_likes":0,"post_views":0},"tpgb_post_category":[],"_links":{"self":[{"href":"https:\/\/cyber-erasmusproject.eu\/sk\/wp-json\/wp\/v2\/pages\/2892","targetHints":{"allow":["GET"]}}],"collection":[{"href":"https:\/\/cyber-erasmusproject.eu\/sk\/wp-json\/wp\/v2\/pages"}],"about":[{"href":"https:\/\/cyber-erasmusproject.eu\/sk\/wp-json\/wp\/v2\/types\/page"}],"author":[{"embeddable":true,"href":"https:\/\/cyber-erasmusproject.eu\/sk\/wp-json\/wp\/v2\/users\/4"}],"replies":[{"embeddable":true,"href":"https:\/\/cyber-erasmusproject.eu\/sk\/wp-json\/wp\/v2\/comments?post=2892"}],"version-history":[{"count":5,"href":"https:\/\/cyber-erasmusproject.eu\/sk\/wp-json\/wp\/v2\/pages\/2892\/revisions"}],"predecessor-version":[{"id":5333,"href":"https:\/\/cyber-erasmusproject.eu\/sk\/wp-json\/wp\/v2\/pages\/2892\/revisions\/5333"}],"up":[{"embeddable":true,"href":"https:\/\/cyber-erasmusproject.eu\/sk\/wp-json\/wp\/v2\/pages\/2880"}],"wp:attachment":[{"href":"https:\/\/cyber-erasmusproject.eu\/sk\/wp-json\/wp\/v2\/media?parent=2892"}],"curies":[{"name":"wp","href":"https:\/\/api.w.org\/{rel}","templated":true}]}}