{"id":2778,"date":"2024-06-24T13:11:17","date_gmt":"2024-06-24T13:11:17","guid":{"rendered":"https:\/\/cyber-erasmusproject.eu\/?page_id=2778"},"modified":"2025-02-12T13:44:10","modified_gmt":"2025-02-12T13:44:10","slug":"policy-recommendation-paper","status":"publish","type":"page","link":"https:\/\/cyber-erasmusproject.eu\/ro\/resources\/policy-recommendation-paper\/","title":{"rendered":"Politici recomandate"},"content":{"rendered":"\t\t<div data-elementor-type=\"wp-page\" data-elementor-id=\"2778\" class=\"elementor elementor-2778 elementor-906\" data-elementor-post-type=\"page\">\n\t\t\t\t<div class=\"elementor-element elementor-element-e4d841f e-flex e-con-boxed e-con e-parent\" data-id=\"e4d841f\" data-element_type=\"container\" data-e-type=\"container\" data-settings=\"{&quot;background_background&quot;:&quot;classic&quot;}\">\n\t\t\t\t\t<div class=\"e-con-inner\">\n\t\t<div class=\"elementor-element elementor-element-c0ced8f e-flex e-con-boxed e-con e-child\" data-id=\"c0ced8f\" data-element_type=\"container\" data-e-type=\"container\">\n\t\t\t\t\t<div class=\"e-con-inner\">\n\t\t\t\t<div class=\"elementor-element elementor-element-c8375dd elementor-widget elementor-widget-heading\" data-id=\"c8375dd\" data-element_type=\"widget\" data-e-type=\"widget\" data-widget_type=\"heading.default\">\n\t\t\t\t<div class=\"elementor-widget-container\">\n\t\t\t\t\t<h2 class=\"elementor-heading-title elementor-size-default\">Politici recomandate<\/h2>\t\t\t\t<\/div>\n\t\t\t\t<\/div>\n\t\t\t\t<div class=\"elementor-element elementor-element-5078acb elementor-widget elementor-widget-text-editor\" data-id=\"5078acb\" data-element_type=\"widget\" data-e-type=\"widget\" data-widget_type=\"text-editor.default\">\n\t\t\t\t<div class=\"elementor-widget-container\">\n\t\t\t\t\t\t\t\t\tDocumentul privind politicile recomandate este special conceput pentru institu\u021biile de \u00eenv\u0103\u021b\u0103m\u00e2nt, oferind \u00eendrum\u0103ri cu privire la securitatea datelor \u0219i securitatea cibernetic\u0103. Acesta se aliniaz\u0103 procedurilor \u0219i standardelor de cea mai \u00eenalt\u0103 calitate, inclusiv ISO 27001, 27002, 27701, 22301 \u0219i 31000, pentru a se asigura c\u0103 \u0219colile \u00ee\u0219i pot proteja elevii \u0219i datele \u00eentr-un mod eficient. Documentul ofer\u0103 recomand\u0103ri concrete care sprijin\u0103 \u0219colile nu numai s\u0103 respecte, ci \u0219i s\u0103 dep\u0103\u0219easc\u0103 normele actuale de securitate cibernetic\u0103, promov\u00e2nd un mediu educa\u021bional sigur \u0219i rezilient.\t\t\t\t\t\t\t\t<\/div>\n\t\t\t\t<\/div>\n\t\t\t\t<div class=\"elementor-element elementor-element-3779c55 elementor-widget elementor-widget-button\" data-id=\"3779c55\" data-element_type=\"widget\" data-e-type=\"widget\" data-widget_type=\"button.default\">\n\t\t\t\t<div class=\"elementor-widget-container\">\n\t\t\t\t\t\t\t\t\t<div class=\"elementor-button-wrapper\">\n\t\t\t\t\t<a class=\"elementor-button elementor-button-link elementor-size-sm\" href=\"https:\/\/cyber-erasmusproject.eu\/ro\/coming-soon\">\n\t\t\t\t\t\t<span class=\"elementor-button-content-wrapper\">\n\t\t\t\t\t\t<span class=\"elementor-button-icon\">\n\t\t\t\t<svg aria-hidden=\"true\" class=\"e-font-icon-svg e-fas-arrow-right\" viewBox=\"0 0 448 512\" xmlns=\"http:\/\/www.w3.org\/2000\/svg\"><path d=\"M190.5 66.9l22.2-22.2c9.4-9.4 24.6-9.4 33.9 0L441 239c9.4 9.4 9.4 24.6 0 33.9L246.6 467.3c-9.4 9.4-24.6 9.4-33.9 0l-22.2-22.2c-9.5-9.5-9.3-25 .4-34.3L311.4 296H24c-13.3 0-24-10.7-24-24v-32c0-13.3 10.7-24 24-24h287.4L190.9 101.2c-9.8-9.3-10-24.8-.4-34.3z\"><\/path><\/svg>\t\t\t<\/span>\n\t\t\t\t\t\t\t\t\t<span class=\"elementor-button-text\">CITE\u0218TE ACUM<\/span>\n\t\t\t\t\t<\/span>\n\t\t\t\t\t<\/a>\n\t\t\t\t<\/div>\n\t\t\t\t\t\t\t\t<\/div>\n\t\t\t\t<\/div>\n\t\t\t\t\t<\/div>\n\t\t\t\t<\/div>\n\t\t<div class=\"elementor-element elementor-element-a975ef9 e-flex e-con-boxed e-con e-child\" data-id=\"a975ef9\" data-element_type=\"container\" data-e-type=\"container\" data-settings=\"{&quot;background_background&quot;:&quot;classic&quot;}\">\n\t\t\t\t\t<div class=\"e-con-inner\">\n\t\t\t\t<div class=\"elementor-element elementor-element-b0f9ae5 elementor-widget elementor-widget-image\" data-id=\"b0f9ae5\" data-element_type=\"widget\" data-e-type=\"widget\" data-widget_type=\"image.default\">\n\t\t\t\t<div class=\"elementor-widget-container\">\n\t\t\t\t\t\t\t\t\t\t\t\t\t\t\t<img fetchpriority=\"high\" decoding=\"async\" width=\"534\" height=\"413\" src=\"https:\/\/cyber-erasmusproject.eu\/wp-content\/uploads\/2024\/06\/img4.png\" class=\"attachment-large size-large wp-image-919\" alt=\"\" srcset=\"https:\/\/cyber-erasmusproject.eu\/wp-content\/uploads\/2024\/06\/img4.png 534w, https:\/\/cyber-erasmusproject.eu\/wp-content\/uploads\/2024\/06\/img4-300x232.png 300w\" sizes=\"(max-width: 534px) 100vw, 534px\" \/>\t\t\t\t\t\t\t\t\t\t\t\t\t\t\t<\/div>\n\t\t\t\t<\/div>\n\t\t\t\t\t<\/div>\n\t\t\t\t<\/div>\n\t\t\t\t\t<\/div>\n\t\t\t\t<\/div>\n\t\t\t\t<\/div>\n\t\t","protected":false},"excerpt":{"rendered":"<p>Politici recomandate Documentul privind politicile recomandate este special conceput pentru institu\u021biile de \u00eenv\u0103\u021b\u0103m\u00e2nt, oferind \u00eendrum\u0103ri cu privire la securitatea datelor \u0219i securitatea cibernetic\u0103. Acesta se aliniaz\u0103 procedurilor \u0219i standardelor de cea mai \u00eenalt\u0103 calitate, inclusiv ISO 27001, 27002, 27701, 22301 \u0219i 31000, pentru a se asigura c\u0103 \u0219colile \u00ee\u0219i pot proteja elevii \u0219i datele \u00eentr-un [&hellip;]<\/p>\n","protected":false},"author":4,"featured_media":0,"parent":2764,"menu_order":0,"comment_status":"closed","ping_status":"closed","template":"","meta":{"tpgb_global_settings":"","_monsterinsights_skip_tracking":false,"_monsterinsights_sitenote_active":false,"_monsterinsights_sitenote_note":"","_monsterinsights_sitenote_category":0,"footnotes":""},"class_list":["post-2778","page","type-page","status-publish","hentry"],"tpgb_featured_images":null,"tpgb_post_meta_info":{"get_date":"24 iunie 2024","get_modified_date":"12 februarie 2025","author_name":"CYBER Project Team","author_url":"https:\/\/cyber-erasmusproject.eu\/ro\/author\/cyber-project-team\/","author_email":"et@jogroup.eu","author_website":"","author_description":"","author_facebook":"","author_twitter":"","author_instagram":"","author_role":["editor"],"author_firstname":"","author_lastname":"","user_login":"Cyber Project Team","author_avatar":"<img alt='' src='https:\/\/secure.gravatar.com\/avatar\/66a5a34de29b8736ac4b48edaab8bbe2948fe02ab101b68f41de1263e2188186?s=200&#038;d=mm&#038;r=g' srcset='https:\/\/secure.gravatar.com\/avatar\/66a5a34de29b8736ac4b48edaab8bbe2948fe02ab101b68f41de1263e2188186?s=400&#038;d=mm&#038;r=g 2x' class='avatar avatar-200 photo' height='200' width='200' decoding='async'\/>","author_avatar_url":"https:\/\/secure.gravatar.com\/avatar\/66a5a34de29b8736ac4b48edaab8bbe2948fe02ab101b68f41de1263e2188186?s=96&d=mm&r=g","comment_count":0,"post_likes":0,"post_views":0},"tpgb_post_category":[],"_links":{"self":[{"href":"https:\/\/cyber-erasmusproject.eu\/ro\/wp-json\/wp\/v2\/pages\/2778","targetHints":{"allow":["GET"]}}],"collection":[{"href":"https:\/\/cyber-erasmusproject.eu\/ro\/wp-json\/wp\/v2\/pages"}],"about":[{"href":"https:\/\/cyber-erasmusproject.eu\/ro\/wp-json\/wp\/v2\/types\/page"}],"author":[{"embeddable":true,"href":"https:\/\/cyber-erasmusproject.eu\/ro\/wp-json\/wp\/v2\/users\/4"}],"replies":[{"embeddable":true,"href":"https:\/\/cyber-erasmusproject.eu\/ro\/wp-json\/wp\/v2\/comments?post=2778"}],"version-history":[{"count":5,"href":"https:\/\/cyber-erasmusproject.eu\/ro\/wp-json\/wp\/v2\/pages\/2778\/revisions"}],"predecessor-version":[{"id":5324,"href":"https:\/\/cyber-erasmusproject.eu\/ro\/wp-json\/wp\/v2\/pages\/2778\/revisions\/5324"}],"up":[{"embeddable":true,"href":"https:\/\/cyber-erasmusproject.eu\/ro\/wp-json\/wp\/v2\/pages\/2764"}],"wp:attachment":[{"href":"https:\/\/cyber-erasmusproject.eu\/ro\/wp-json\/wp\/v2\/media?parent=2778"}],"curies":[{"name":"wp","href":"https:\/\/api.w.org\/{rel}","templated":true}]}}